{"id":2,"date":"2026-02-13T21:07:46","date_gmt":"2026-02-13T21:07:46","guid":{"rendered":"https:\/\/towerrush.lecarafe.fr\/?page_id=2"},"modified":"2026-02-13T21:07:46","modified_gmt":"2026-02-13T21:07:46","slug":"pagina-di-esempio","status":"publish","type":"page","link":"https:\/\/towerrush.lecarafe.fr\/it\/pagina-di-esempio\/","title":{"rendered":"Pagina di esempio"},"content":{"rendered":"<p>Questa \u00e8 una pagina di esempio. \u00c8 diversa da un post del blog perch\u00e9 rimarr\u00e0 in un posto e apparir\u00e0 nella navigazione del tuo sito (nella maggior parte dei temi). La maggior parte delle persone inizia con una pagina Chi siamo che li presenta ai potenziali visitatori del sito. Potrebbe dire qualcosa del genere:<\/p>\n\n\n\n<blockquote class=\"wp-block-quote is-layout-flow wp-block-quote-is-layout-flow\">\n\n<p>Ciao! Sono un fattorino in bicicletta di giorno, un attore aspirante di notte, e questo \u00e8 il mio sito web. Vivo a Los Angeles, ho un grande cane di nome Jack e mi piacciono le pi\u00f1a coladas. (E farmi sorprendere dalla pioggia.)<\/p>\n\n<\/blockquote>\n\n\n\n<p>\u2026o qualcosa del genere:<\/p>\n\n\n\n<blockquote class=\"wp-block-quote is-layout-flow wp-block-quote-is-layout-flow\">\n\n<p>La XYZ Doohickey Company \u00e8 stata fondata nel 1971 e fornisce doohickeys di qualit\u00e0 al pubblico da allora. Situata a Gotham City, XYZ impiega oltre 2.000 persone e fa ogni tipo di cose fantastiche per la comunit\u00e0 di Gotham.<\/p>\n\n<\/blockquote>\n\n\n\n<p>Come nuovo utente di WordPress, dovresti andare a <a href=\"https:\/\/towerrush.lecarafe.fr\/wp-admin\/\">la tua dashboard<\/a> per eliminare questa pagina e creare nuove pagine per il tuo contenuto. Divertiti!<\/p>","protected":false},"excerpt":{"rendered":"<p>This is an example page. It&rsquo;s different from a blog post because it will stay in one place and will show up in your site navigation (in most themes). Most people start with an About page that introduces them to potential site visitors. It might say something like this: Hi there! I&rsquo;m a bike messenger&#8230;<\/p>","protected":false},"author":1,"featured_media":0,"parent":0,"menu_order":0,"comment_status":"closed","ping_status":"open","template":"","meta":{"_kadence_starter_templates_imported_post":false,"_kad_post_transparent":"","_kad_post_title":"","_kad_post_layout":"","_kad_post_sidebar_id":"","_kad_post_content_style":"","_kad_post_vertical_padding":"","_kad_post_feature":"","_kad_post_feature_position":"","_kad_post_header":false,"_kad_post_footer":false,"_kad_post_classname":"","footnotes":""},"class_list":["post-2","page","type-page","status-publish","hentry"],"yoast_head":"<!-- This site is optimized with the Yoast SEO plugin v27.1.1 - https:\/\/yoast.com\/product\/yoast-seo-wordpress\/ -->\n<title>Sample Page - Tower Rush<\/title>\n<meta name=\"robots\" content=\"index, follow, max-snippet:-1, max-image-preview:large, max-video-preview:-1\" \/>\n<link rel=\"canonical\" href=\"https:\/\/towerrush.lecarafe.fr\/it\/pagina-di-esempio\/\" \/>\n<meta property=\"og:locale\" content=\"it_IT\" \/>\n<meta property=\"og:type\" content=\"article\" \/>\n<meta property=\"og:title\" content=\"Sample Page - Tower Rush\" \/>\n<meta property=\"og:description\" content=\"This is an example page. It&rsquo;s different from a blog post because it will stay in one place and will show up in your site navigation (in most themes). Most people start with an About page that introduces them to potential site visitors. It might say something like this: Hi there! I&rsquo;m a bike messenger...\" \/>\n<meta property=\"og:url\" content=\"https:\/\/towerrush.lecarafe.fr\/it\/pagina-di-esempio\/\" \/>\n<meta property=\"og:site_name\" content=\"Tower Rush\" \/>\n<meta name=\"twitter:card\" content=\"summary_large_image\" \/>\n<meta name=\"twitter:label1\" content=\"Tempo di lettura stimato\" \/>\n\t<meta name=\"twitter:data1\" content=\"1 minuto\" \/>\n<script type=\"application\/ld+json\" class=\"yoast-schema-graph\">{\"@context\":\"https:\/\/schema.org\",\"@graph\":[{\"@type\":\"WebPage\",\"@id\":\"https:\/\/towerrush.lecarafe.fr\/sample-page\/\",\"url\":\"https:\/\/towerrush.lecarafe.fr\/sample-page\/\",\"name\":\"Sample Page - Tower Rush\",\"isPartOf\":{\"@id\":\"https:\/\/towerrush.lecarafe.fr\/#website\"},\"datePublished\":\"2026-02-13T21:07:46+00:00\",\"breadcrumb\":{\"@id\":\"https:\/\/towerrush.lecarafe.fr\/sample-page\/#breadcrumb\"},\"inLanguage\":\"it-IT\",\"potentialAction\":[{\"@type\":\"ReadAction\",\"target\":[\"https:\/\/towerrush.lecarafe.fr\/sample-page\/\"]}]},{\"@type\":\"BreadcrumbList\",\"@id\":\"https:\/\/towerrush.lecarafe.fr\/sample-page\/#breadcrumb\",\"itemListElement\":[{\"@type\":\"ListItem\",\"position\":1,\"name\":\"Accueil\",\"item\":\"https:\/\/towerrush.lecarafe.fr\/\"},{\"@type\":\"ListItem\",\"position\":2,\"name\":\"Sample Page\"}]},{\"@type\":\"WebSite\",\"@id\":\"https:\/\/towerrush.lecarafe.fr\/#website\",\"url\":\"https:\/\/towerrush.lecarafe.fr\/\",\"name\":\"Tower Rush\",\"description\":\"\",\"potentialAction\":[{\"@type\":\"SearchAction\",\"target\":{\"@type\":\"EntryPoint\",\"urlTemplate\":\"https:\/\/towerrush.lecarafe.fr\/?s={search_term_string}\"},\"query-input\":{\"@type\":\"PropertyValueSpecification\",\"valueRequired\":true,\"valueName\":\"search_term_string\"}}],\"inLanguage\":\"it-IT\"}]}<\/script>\n<!-- \/ Yoast SEO plugin. -->","yoast_head_json":{"title":"Pagina di esempio - Tower Rush","robots":{"index":"index","follow":"follow","max-snippet":"max-snippet:-1","max-image-preview":"max-image-preview:large","max-video-preview":"max-video-preview:-1"},"canonical":"https:\/\/towerrush.lecarafe.fr\/it\/pagina-di-esempio\/","og_locale":"it_IT","og_type":"article","og_title":"Sample Page - Tower Rush","og_description":"This is an example page. It&rsquo;s different from a blog post because it will stay in one place and will show up in your site navigation (in most themes). Most people start with an About page that introduces them to potential site visitors. It might say something like this: Hi there! I&rsquo;m a bike messenger...","og_url":"https:\/\/towerrush.lecarafe.fr\/it\/pagina-di-esempio\/","og_site_name":"Tower Rush","twitter_card":"summary_large_image","twitter_misc":{"Tempo di lettura stimato":"1 minuto"},"schema":{"@context":"https:\/\/schema.org","@graph":[{"@type":"WebPage","@id":"https:\/\/towerrush.lecarafe.fr\/sample-page\/","url":"https:\/\/towerrush.lecarafe.fr\/sample-page\/","name":"Pagina di esempio - Tower Rush","isPartOf":{"@id":"https:\/\/towerrush.lecarafe.fr\/#website"},"datePublished":"2026-02-13T21:07:46+00:00","breadcrumb":{"@id":"https:\/\/towerrush.lecarafe.fr\/sample-page\/#breadcrumb"},"inLanguage":"it-IT","potentialAction":[{"@type":"ReadAction","target":["https:\/\/towerrush.lecarafe.fr\/sample-page\/"]}]},{"@type":"BreadcrumbList","@id":"https:\/\/towerrush.lecarafe.fr\/sample-page\/#breadcrumb","itemListElement":[{"@type":"ListItem","position":1,"name":"Accueil","item":"https:\/\/towerrush.lecarafe.fr\/"},{"@type":"ListItem","position":2,"name":"Sample Page"}]},{"@type":"WebSite","@id":"https:\/\/towerrush.lecarafe.fr\/#website","url":"https:\/\/towerrush.lecarafe.fr\/","name":"Torre Rush","description":"","potentialAction":[{"@type":"SearchAction","target":{"@type":"EntryPoint","urlTemplate":"https:\/\/towerrush.lecarafe.fr\/?s={search_term_string}"},"query-input":{"@type":"PropertyValueSpecification","valueRequired":true,"valueName":"search_term_string"}}],"inLanguage":"it-IT"}]}},"_links":{"self":[{"href":"https:\/\/towerrush.lecarafe.fr\/it\/wp-json\/wp\/v2\/pages\/2","targetHints":{"allow":["GET"]}}],"collection":[{"href":"https:\/\/towerrush.lecarafe.fr\/it\/wp-json\/wp\/v2\/pages"}],"about":[{"href":"https:\/\/towerrush.lecarafe.fr\/it\/wp-json\/wp\/v2\/types\/page"}],"author":[{"embeddable":true,"href":"https:\/\/towerrush.lecarafe.fr\/it\/wp-json\/wp\/v2\/users\/1"}],"replies":[{"embeddable":true,"href":"https:\/\/towerrush.lecarafe.fr\/it\/wp-json\/wp\/v2\/comments?post=2"}],"version-history":[{"count":0,"href":"https:\/\/towerrush.lecarafe.fr\/it\/wp-json\/wp\/v2\/pages\/2\/revisions"}],"wp:attachment":[{"href":"https:\/\/towerrush.lecarafe.fr\/it\/wp-json\/wp\/v2\/media?parent=2"}],"curies":[{"name":"wp","href":"https:\/\/api.w.org\/{rel}","templated":true}]}}